{"id":2671,"date":"2010-12-15T19:53:59","date_gmt":"2010-12-15T18:53:59","guid":{"rendered":"http:\/\/mevme.com\/lizblog\/?page_id=2671"},"modified":"2015-03-11T19:44:59","modified_gmt":"2015-03-11T18:44:59","slug":"andere-uber-mich","status":"publish","type":"page","link":"http:\/\/mevme.com\/lizblog\/andere-uber-mich\/","title":{"rendered":"Rezensionen"},"content":{"rendered":"<p><strong>Bist du noch wach? (2013, Berlin Verlag)<\/strong><\/p>\n<p>\u201e<em>Rank f\u00e4ngt ihre Leser auf, mit einer Sprache, die zugleich feinf\u00fchlig und bildgewaltig ist.<\/em>\u201c (ZEIT Magazin)<\/p>\n<p>\u201e<em>Die wirklich wichtigen Dinge kann ich eh nicht erz\u00e4hlen. Daf\u00fcr kann Rank das.&#8220;<\/em> (Anke Gr\u00f6ner)<\/p>\n<p>\u201e<em>Elisabeth Rank formuliert Gedanken, mit denen man am liebsten die eigenen vier W\u00e4nde oder die der WG tapezieren m\u00f6chte.<\/em>\u201c (Fluter.de)<\/p>\n<p>\u201e<em>Das ist anstrengend, gleichzeitig aber auch realistisch. Weil das Leben eben kein Film ist, und Ver\u00e4nderungen meist nicht mit einem gro\u00dfen Knall kommen &#8211; sondern schleichend und ganz langsam.&#8220;<\/em>   (BR Online)<\/p>\n<p>\u201e<em>Selten wurden wichtige Themen &#8211; die Suche nach dem Gl\u00fcck, Freundschaft, Liebe, Verlust &#8211; so treffend in Worte gefasst.&#8220;<\/em>  (Jolie)<\/p>\n<p><strong>Und im Zweifel f\u00fcr dich selbst (2010, Suhrkamp Verlag)<\/strong><\/p>\n<p>\u201e<em>Es ist ein Buch \u00fcber eine Freundschaft, die so tief geht, dass niemand den anderen um etwas bitten muss. \u00dcber Trauer und die Feststellung, dass ihre Bew\u00e4ltigung vor allem Zeit braucht \u201c\u201c egal, welches &#8218;Lebensgef\u00fchl&#8216; einen dabei begleitet. Elisabeth Rank ist ein stilles, starkes Deb\u00fct gelungen, das keine Schublade braucht.<\/em>\u201c<br \/>\nFrankfurter Allgemeine Zeitung<\/p>\n<p>\u201e<em>Tiefgr\u00fcndig und trotzdem wunderbar jung.<\/em>\u201c<br \/>\nDer Tagesspiegel<\/p>\n<p>\u201e<em>Eines von Ranks gro\u00dfen Talenten besteht darin, N\u00e4he herzustellen \u201c\u201c auch wenn man einander noch nie pers\u00f6nlich begegnet ist.<\/em>\u201c<br \/>\nTaz<\/p>\n<p>\u201e<em>Elisabeth Ranks verhei\u00dfungsvolles Deb\u00fct sagt viel \u00fcber die Generation der Mittzwanziger.<\/em>\u201c<br \/>\nDeutschland Radio Kultur<\/p>\n<p>\u201e<em>Ohne Worte. Einfach lesen. Gl\u00fccklich sein.<\/em>\u201c<br \/>\n1LIVE<\/p>\n<p>\u201e<em>Elisabeth Ranks Sprache ist schwebend, beinahe wie ein Gegensatz zur Erdigkeit des Todes.<\/em>\u201c<br \/>\nRadio FM4<\/p>\n<p>\u201e<em>Ein zarter Roman \u00fcber den gr\u00f6\u00dften Verlust.<\/em>\u201c<br \/>\nNeon<\/p>\n<p>\u201e<em>Die Berliner Autorin Elisabeth Rank konstruiert in ihrem Romandeb\u00fct eine \u00c4sthetik der Traurigkeit, die geh\u00f6rig Identifikationspotenzial besitzt, weil sie sich nicht nur aus der Typologie ihrer Protagonisten, sondern vor allem aus Alltagsbetrachtungen speist.<\/em>\u201c<br \/>\nMusikexpress<\/p>\n<p>\u201e<em>Ein flirrendes, wundersch\u00f6nes Deb\u00fct, in dem vom Tod und vom Dar\u00fcber-Hinwegkommen erz\u00e4hlt wird. Vielleicht hat sie das Buch im Zweifel f\u00fcr sich selbst geschrieben.<\/em>\u201c<br \/>\nB\u00fccher Magazin<\/p>\n","protected":false},"excerpt":{"rendered":"<p>Bist du noch wach? (2013, Berlin Verlag) \u201eRank f\u00e4ngt ihre Leser auf, mit einer Sprache, die zugleich feinf\u00fchlig und bildgewaltig ist.\u201c (ZEIT Magazin) \u201eDie wirklich wichtigen Dinge kann ich eh nicht erz\u00e4hlen. Daf\u00fcr kann Rank das.&#8220; (Anke Gr\u00f6ner) \u201eElisabeth Rank formuliert Gedanken, mit denen man am liebsten die eigenen vier W\u00e4nde oder die der WG [&hellip;]<\/p>\n","protected":false},"author":1,"featured_media":0,"parent":0,"menu_order":0,"comment_status":"open","ping_status":"open","template":"","meta":[],"_links":{"self":[{"href":"http:\/\/mevme.com\/lizblog\/wp-json\/wp\/v2\/pages\/2671"}],"collection":[{"href":"http:\/\/mevme.com\/lizblog\/wp-json\/wp\/v2\/pages"}],"about":[{"href":"http:\/\/mevme.com\/lizblog\/wp-json\/wp\/v2\/types\/page"}],"author":[{"embeddable":true,"href":"http:\/\/mevme.com\/lizblog\/wp-json\/wp\/v2\/users\/1"}],"replies":[{"embeddable":true,"href":"http:\/\/mevme.com\/lizblog\/wp-json\/wp\/v2\/comments?post=2671"}],"version-history":[{"count":21,"href":"http:\/\/mevme.com\/lizblog\/wp-json\/wp\/v2\/pages\/2671\/revisions"}],"predecessor-version":[{"id":5184,"href":"http:\/\/mevme.com\/lizblog\/wp-json\/wp\/v2\/pages\/2671\/revisions\/5184"}],"wp:attachment":[{"href":"http:\/\/mevme.com\/lizblog\/wp-json\/wp\/v2\/media?parent=2671"}],"curies":[{"name":"wp","href":"https:\/\/api.w.org\/{rel}","templated":true}]}}